{"id":2337,"date":"2024-09-25T08:10:19","date_gmt":"2024-09-25T08:10:19","guid":{"rendered":"https:\/\/buensueno.es\/privacy-policy\/"},"modified":"2025-05-19T07:35:38","modified_gmt":"2025-05-19T07:35:38","slug":"privacy-policy","status":"publish","type":"page","link":"https:\/\/buensueno.es\/en\/privacy-policy\/","title":{"rendered":"Privacy Policy"},"content":{"rendered":"\t\t<div data-elementor-type=\"wp-page\" data-elementor-id=\"2337\" class=\"elementor elementor-2337 elementor-37\" data-elementor-post-type=\"page\">\n\t\t\t\t<div class=\"elementor-element elementor-element-f929830 e-flex e-con-boxed e-con e-parent\" data-id=\"f929830\" data-element_type=\"container\" data-e-type=\"container\" data-settings=\"{&quot;jet_parallax_layout_list&quot;:[]}\">\n\t\t\t\t\t<div class=\"e-con-inner\">\n\t\t<div class=\"elementor-element elementor-element-f905d00 e-con-full e-flex e-con e-child\" data-id=\"f905d00\" data-element_type=\"container\" data-e-type=\"container\" data-settings=\"{&quot;jet_parallax_layout_list&quot;:[]}\">\n\t\t<div class=\"elementor-element elementor-element-fb715c9 e-con-full e-flex e-con e-child\" data-id=\"fb715c9\" data-element_type=\"container\" data-e-type=\"container\" data-settings=\"{&quot;jet_parallax_layout_list&quot;:[],&quot;sticky&quot;:&quot;top&quot;,&quot;sticky_offset&quot;:20,&quot;sticky_parent&quot;:&quot;yes&quot;,&quot;sticky_on&quot;:[&quot;desktop&quot;,&quot;tablet&quot;,&quot;mobile&quot;],&quot;sticky_effects_offset&quot;:0,&quot;sticky_anchor_link_offset&quot;:0}\">\n\t\t\t\t<div class=\"elementor-element elementor-element-d24cefd elementor-widget__width-initial elementor-widget elementor-widget-heading\" data-id=\"d24cefd\" data-element_type=\"widget\" data-e-type=\"widget\" data-widget_type=\"heading.default\">\n\t\t\t\t<div class=\"elementor-widget-container\">\n\t\t\t\t\t<h2 class=\"elementor-heading-title elementor-size-default\">Privacy Policy<\/h2>\t\t\t\t<\/div>\n\t\t\t\t<\/div>\n\t\t\t\t<div class=\"elementor-element elementor-element-a1ac385 elementor-widget__width-initial elementor-widget elementor-widget-text-editor\" data-id=\"a1ac385\" data-element_type=\"widget\" data-e-type=\"widget\" data-widget_type=\"text-editor.default\">\n\t\t\t\t<div class=\"elementor-widget-container\">\n\t\t\t\t\t\t\t\t\t<p>Buensue\u00f1o processes your personal data in accordance with the guidelines of the New EU Regulation 2016\/679 of the European Parliament and of the Council of April 27, 2016<\/p>\t\t\t\t\t\t\t\t<\/div>\n\t\t\t\t<\/div>\n\t\t\t\t<\/div>\n\t\t\t\t<\/div>\n\t\t<div class=\"elementor-element elementor-element-93b9332 e-con-full e-flex e-con e-child\" data-id=\"93b9332\" data-element_type=\"container\" data-e-type=\"container\" data-settings=\"{&quot;jet_parallax_layout_list&quot;:[]}\">\n\t\t\t\t<div class=\"elementor-element elementor-element-901fe46 elementor-widget elementor-widget-text-editor\" data-id=\"901fe46\" data-element_type=\"widget\" data-e-type=\"widget\" data-widget_type=\"text-editor.default\">\n\t\t\t\t<div class=\"elementor-widget-container\">\n\t\t\t\t\t\t\t\t\t<h4><strong>WHO IS RESPONSIBLE FOR YOUR DATA?<\/strong><\/h4><p>Identity: BERNAL DESCANSO S.L. CIF: B73694424 Postal Address: Polig Industrial El Semolilla 6 30649 &#8211; (Abanilla) &#8211; Murcia Telephone: 968678004 Email: info@buensueno.es<br><br><\/p><h4><strong>INFORMATION AND CONSENT<\/strong><\/h4><p>By reading this Privacy Policy, the user is informed about the way in which Buensue\u00f1o collects, processes and protects personal data provided through the forms available on the website https:\/\/www.buensueno.es (hereinafter, the &#8220;Website&#8221; or &#8220;Buensue\u00f1o&#8221;), as well as data derived from their navigation and any other data that may be provided to Buensue\u00f1o in the future. The user must carefully read this Privacy Policy, which has been drafted in a clear and simple manner to facilitate its understanding, freely and voluntarily determining whether they wish to provide their personal data to Buensue\u00f1o. <br><br><\/p><h4><strong>WHAT IS THE LEGAL BASIS FOR PROCESSING YOUR DATA?<\/strong><\/h4><p>The legal basis that legitimizes this processing will be your consent, legitimate interest or the need to manage a contractual or similar relationship. The submission of personal data is mandatory to contact and receive information about the services provided by Buensue\u00f1o. Likewise, failure to provide the requested personal data or not accepting this privacy policy makes it impossible to subscribe, register or receive information about said services.  <br><br><\/p><h4><strong>FOR WHAT PURPOSE DO WE PROCESS YOUR PERSONAL DATA?<\/strong><\/h4><p>The personal data collected will be processed by Buensue\u00f1o for the following purposes: To manage your contact requests with Buensue\u00f1o through the channels provided for this purpose on the Buensue\u00f1o Website. To manage purchases made through the Website, including payment management and order shipping. To manage the subscription to the newsletter, made through the channel provided on the Buensue\u00f1o Website. To carry out analysis on the use of the Website and check the preferences and behavior of users. To manage the sending of commercial communications from Buensue\u00f1o and other companies that are part of its group, unless the user indicates otherwise by checking the corresponding box, or shows their opposition to such processing. To manage the sending of satisfaction surveys based on the purchase of Buensue\u00f1o&#8217;s product or service, to improve our customers&#8217; experience day by day. To analyze your data in order to create user profiles that allow us to define in greater detail the products that may be of interest to you.      <br><br><\/p><h4><strong>HOW LONG WILL WE KEEP YOUR DATA?<\/strong><\/h4><p>The personal data provided will be kept as long as the established relationship is maintained. The retention period of the provided data will be determined by the relationship you maintain with us. You can exercise your right to cancel, rectify or delete at any time. These will be deleted when you request the cessation of the activity or once the necessary years have passed to comply with legal obligations; after this period of time, the data will be permanently deleted.   <br><br><\/p><h4><strong>WHAT USER DATA WILL BUENSUE\u00d1O PROCESS?<\/strong><\/h4><p>Buensue\u00f1o will process the following categories of data: Identifying data: name, surnames, national identity document or foreign identity number and image. Contact details: address, landline phone, mobile phone, email address. Personal characteristics data: date of birth, age, sex, nationality. Bank details: account number, account holder, SEPA mandate. Economic, financial and insurance data: income and revenue. Other data: data provided by the interested parties themselves in the open fields of the forms available on the Website. Navigation data. In the event that the user provides third-party data, they declare that they have the consent of the same and undertake to transfer to the interested party, owner of said data, the information contained in the Privacy Policy, exempting Buensue\u00f1o from any responsibility in this regard. However, Buensue\u00f1o may carry out the necessary verifications to confirm this fact, adopting the corresponding due diligence measures, in accordance with data protection regulations.        <br><br><\/p><h4><strong>TO WHICH RECIPIENTS WILL YOUR DATA BE COMMUNICATED?<\/strong><\/h4><p>The user&#8217;s data may be communicated to: Companies belonging to the Buensue\u00f1o group, solely for internal administrative purposes and\/or for the purposes previously indicated. Companies belonging to the Buensue\u00f1o group for sending commercial communications about products and services offered by the companies that form it, provided that the User has consented to this. Public Administrations and competent national and\/or European authorities, in cases provided by law. Additionally, the data may be accessible by the entity BERNAL DESCANSO S.L. and by Buensue\u00f1o&#8217;s providers, such access being necessary for the proper fulfillment of legal obligations and\/or the purposes previously indicated. These providers will not process your data for their own purposes that have not been previously informed by Buensue\u00f1o. The recipients indicated in this section may be located inside or outside the European Economic Area, with international data transfers being duly legitimized in the latter case.     <br><br><\/p><h4><strong>WHAT ARE YOUR RIGHTS WHEN YOU PROVIDE US WITH YOUR DATA?<\/strong><\/h4><p>The user can send a written request to Buensue\u00f1o, to the address indicated in the header of this Policy, or by email to info@buensueno.es, attaching a photocopy of their identity document, at any time and free of charge, to: Revoke the consents granted. Obtain confirmation about whether Buensue\u00f1o is processing personal data concerning the User or not. Access their personal data. Rectify inaccurate or incomplete data. Request the deletion of their data when, among other reasons, the data is no longer necessary for the purposes for which it was collected. Obtain from Buensue\u00f1o the limitation of data processing when any of the conditions provided in the data protection regulations are met. Obtain human intervention, express your point of view and challenge automated decisions made by Buensue\u00f1o. Request the portability of your data. Contact Buensue\u00f1o&#8217;s DPO through the following address: info@buensueno.es File a complaint regarding the protection of your personal data when the interested party considers that Buensue\u00f1o has violated the rights recognized by the applicable data protection regulations.        <br><br><\/p><h4><strong>USER RESPONSIBILITY<\/strong><\/h4><p>The user: Guarantees that they are over eighteen (18) years of age and that the data provided to Buensue\u00f1o is true, accurate, complete and up-to-date. To this effect, the user is responsible for the truthfulness of all the data communicated and will keep the information provided appropriately updated, so that it corresponds to their real situation. Guarantees that they have informed the third parties whose data they provide, if applicable, of the aspects contained in this document. They also guarantee that they have obtained their authorization to provide their data to Buensue\u00f1o for the purposes indicated. Will be responsible for false or inaccurate information provided through the Website and for the direct or indirect damages that this may cause to Buensue\u00f1o or third parties.    <br><br><\/p><h4><strong>CHANGES TO THIS PERSONAL DATA PROCESSING POLICY<\/strong><\/h4><p>Buensue\u00f1o reserves the right to modify this policy to adapt it to legislative or jurisprudential developments, as well as industry practices. In such cases, Buensue\u00f1o will announce on this page the changes introduced with reasonable notice before their implementation. <\/p>\t\t\t\t\t\t\t\t<\/div>\n\t\t\t\t<\/div>\n\t\t\t\t<\/div>\n\t\t\t\t\t<\/div>\n\t\t\t\t<\/div>\n\t\t\t\t<\/div>\n\t\t","protected":false},"excerpt":{"rendered":"<p>Privacy Policy Buensue\u00f1o processes your personal data in accordance with the guidelines of the New EU Regulation 2016\/679 of the European Parliament and of the Council of April 27, 2016 WHO IS RESPONSIBLE FOR YOUR DATA? Identity: BERNAL DESCANSO S.L. CIF: B73694424 Postal Address: Polig Industrial El Semolilla 6 30649 &#8211; (Abanilla) &#8211; Murcia Telephone: [&hellip;]<\/p>\n","protected":false},"author":1,"featured_media":0,"parent":0,"menu_order":0,"comment_status":"closed","ping_status":"closed","template":"","meta":{"footnotes":""},"class_list":["post-2337","page","type-page","status-publish","hentry"],"_links":{"self":[{"href":"https:\/\/buensueno.es\/en\/wp-json\/wp\/v2\/pages\/2337","targetHints":{"allow":["GET"]}}],"collection":[{"href":"https:\/\/buensueno.es\/en\/wp-json\/wp\/v2\/pages"}],"about":[{"href":"https:\/\/buensueno.es\/en\/wp-json\/wp\/v2\/types\/page"}],"author":[{"embeddable":true,"href":"https:\/\/buensueno.es\/en\/wp-json\/wp\/v2\/users\/1"}],"replies":[{"embeddable":true,"href":"https:\/\/buensueno.es\/en\/wp-json\/wp\/v2\/comments?post=2337"}],"version-history":[{"count":3,"href":"https:\/\/buensueno.es\/en\/wp-json\/wp\/v2\/pages\/2337\/revisions"}],"predecessor-version":[{"id":2345,"href":"https:\/\/buensueno.es\/en\/wp-json\/wp\/v2\/pages\/2337\/revisions\/2345"}],"wp:attachment":[{"href":"https:\/\/buensueno.es\/en\/wp-json\/wp\/v2\/media?parent=2337"}],"curies":[{"name":"wp","href":"https:\/\/api.w.org\/{rel}","templated":true}]}}