{"id":2311,"date":"2024-09-25T08:09:55","date_gmt":"2024-09-25T08:09:55","guid":{"rendered":"https:\/\/buensueno.es\/politique-en-matiere-de-cookies\/"},"modified":"2025-05-19T07:34:57","modified_gmt":"2025-05-19T07:34:57","slug":"politique-en-matiere-de-cookies","status":"publish","type":"page","link":"https:\/\/buensueno.es\/fr\/politique-en-matiere-de-cookies\/","title":{"rendered":"Politique en mati\u00e8re de cookies"},"content":{"rendered":"\t\t<div data-elementor-type=\"wp-page\" data-elementor-id=\"2311\" class=\"elementor elementor-2311 elementor-35\" data-elementor-post-type=\"page\">\n\t\t\t\t<div class=\"elementor-element elementor-element-b2468f8 e-flex e-con-boxed e-con e-parent\" data-id=\"b2468f8\" data-element_type=\"container\" data-e-type=\"container\" data-settings=\"{&quot;jet_parallax_layout_list&quot;:[]}\">\n\t\t\t\t\t<div class=\"e-con-inner\">\n\t\t<div class=\"elementor-element elementor-element-de715b5 e-con-full e-flex e-con e-child\" data-id=\"de715b5\" data-element_type=\"container\" data-e-type=\"container\" data-settings=\"{&quot;jet_parallax_layout_list&quot;:[]}\">\n\t\t<div class=\"elementor-element elementor-element-27b43e9 e-con-full e-flex e-con e-child\" data-id=\"27b43e9\" data-element_type=\"container\" data-e-type=\"container\" data-settings=\"{&quot;jet_parallax_layout_list&quot;:[],&quot;sticky&quot;:&quot;top&quot;,&quot;sticky_offset&quot;:20,&quot;sticky_parent&quot;:&quot;yes&quot;,&quot;sticky_on&quot;:[&quot;desktop&quot;,&quot;tablet&quot;,&quot;mobile&quot;],&quot;sticky_effects_offset&quot;:0,&quot;sticky_anchor_link_offset&quot;:0}\">\n\t\t\t\t<div class=\"elementor-element elementor-element-241c3fb elementor-widget__width-initial elementor-widget elementor-widget-heading\" data-id=\"241c3fb\" data-element_type=\"widget\" data-e-type=\"widget\" data-widget_type=\"heading.default\">\n\t\t\t\t<div class=\"elementor-widget-container\">\n\t\t\t\t\t<h2 class=\"elementor-heading-title elementor-size-default\">Politique en mati\u00e8re de cookies<\/h2>\t\t\t\t<\/div>\n\t\t\t\t<\/div>\n\t\t\t\t<\/div>\n\t\t\t\t<\/div>\n\t\t<div class=\"elementor-element elementor-element-0d6377c e-con-full e-flex e-con e-child\" data-id=\"0d6377c\" data-element_type=\"container\" data-e-type=\"container\" data-settings=\"{&quot;jet_parallax_layout_list&quot;:[]}\">\n\t\t\t\t<div class=\"elementor-element elementor-element-5b30693 elementor-widget elementor-widget-text-editor\" data-id=\"5b30693\" data-element_type=\"widget\" data-e-type=\"widget\" data-widget_type=\"text-editor.default\">\n\t\t\t\t<div class=\"elementor-widget-container\">\n\t\t\t\t\t\t\t\t\t<h4><strong>QU&rsquo;EST-CE QU&rsquo;UN COOKIE ?<\/strong><\/h4><p>Un cookie est un fichier qui est t\u00e9l\u00e9charg\u00e9 sur votre ordinateur lorsque vous acc\u00e9dez \u00e0 certains sites web. Les cookies permettent \u00e0 un site web, entre autres, de stocker et de r\u00e9cup\u00e9rer des informations sur les habitudes de navigation d&rsquo;un utilisateur ou de son ordinateur et, en fonction des informations qu&rsquo;ils contiennent et de la mani\u00e8re dont vous utilisez votre ordinateur, ils peuvent \u00eatre utilis\u00e9s pour reconna\u00eetre l&rsquo;utilisateur. <\/p><h4><strong>QUELS SONT LES TYPES DE COOKIES UTILIS\u00c9S PAR BUENSUENO.ES ?<\/strong><\/h4><p>En fonction de la dur\u00e9e pendant laquelle les cookies restent actifs, ils peuvent \u00eatre :<\/p><ul class=\"text-only-content\"><li>Cookies de session : con\u00e7us pour collecter et stocker des donn\u00e9es pendant que l&rsquo;utilisateur acc\u00e8de \u00e0 un site web. Ils sont g\u00e9n\u00e9ralement utilis\u00e9s pour stocker des informations qui n&rsquo;ont d&rsquo;int\u00e9r\u00eat que pour la fourniture du service demand\u00e9 par l&rsquo;utilisateur \u00e0 une seule occasion (par exemple, une liste de produits achet\u00e9s). <\/li><li>Cookies persistants : Il s&rsquo;agit d&rsquo;un type de cookie dans lequel les donn\u00e9es restent stock\u00e9es dans le terminal et peuvent \u00eatre consult\u00e9es et trait\u00e9es pendant une p\u00e9riode d\u00e9finie. Ils ont une date de suppression. Ils sont utilis\u00e9s par exemple dans le processus d&rsquo;achat ou d&rsquo;enregistrement pour \u00e9viter d&rsquo;avoir \u00e0 saisir constamment nos donn\u00e9es.  <\/li><\/ul><p>En fonction de l&rsquo;entit\u00e9 qui g\u00e8re l&rsquo;\u00e9quipement ou le domaine \u00e0 partir duquel les cookies sont envoy\u00e9s et qui traite les donn\u00e9es obtenues, nous pouvons faire une distinction :<\/p><ul class=\"text-only-content\"><li>Les propres cookies : ce sont ceux qui sont envoy\u00e9s au dispositif de l&rsquo;utilisateur et qui sont g\u00e9r\u00e9s exclusivement par nous pour le meilleur fonctionnement du site.<\/li><li>Cookies de tiers : ce sont ceux qui sont envoy\u00e9s au dispositif de l&rsquo;utilisateur \u00e0 partir d&rsquo;un ordinateur ou d&rsquo;un domaine qui n&rsquo;est pas g\u00e9r\u00e9 par nous mais par une autre entit\u00e9, qui traitera les donn\u00e9es obtenues.<\/li><\/ul><p>Lorsque vous naviguez sur buensueno.es, les cookies suivants peuvent \u00eatre install\u00e9s sur votre appareil :<\/p><ul class=\"text-only-content\"><li>Cookies d&rsquo;enregistrement : lorsque l&rsquo;utilisateur entre sur notre site web et se connecte, un cookie temporaire est install\u00e9 afin que vous puissiez naviguer dans votre espace utilisateur sans avoir \u00e0 saisir continuellement vos donn\u00e9es. Ce cookie dispara\u00eet lorsque vous vous d\u00e9connectez. <\/li><li>Cookies d&rsquo;analyse : ils sont utilis\u00e9s pour \u00e9tudier le comportement des utilisateurs de mani\u00e8re anonyme lorsqu&rsquo;ils naviguent sur notre site web. Cela nous permet de conna\u00eetre les contenus les plus consult\u00e9s, le nombre de visiteurs, etc. Ces informations sont utilis\u00e9es pour am\u00e9liorer l&rsquo;exp\u00e9rience de navigation et optimiser nos services. Il peut s&rsquo;agir de nos propres cookies, mais aussi de cookies de tiers. Ces derniers comprennent les cookies Google Analytics, Iadvice et Hotjar.    <\/li><li>Cookies publicitaires de tiers : L&rsquo;objectif est d&rsquo;optimiser l&rsquo;affichage des publicit\u00e9s. Pour g\u00e9rer ces services, nous utilisons la plateforme Doubleclick de Google qui stocke des informations sur les publicit\u00e9s qui ont \u00e9t\u00e9 montr\u00e9es \u00e0 un utilisateur, celles qui l&rsquo;int\u00e9ressent et s&rsquo;il visite le site web de l&rsquo;annonceur. <\/li><\/ul><h4><strong>PARAM\u00c9TRAGE, VISUALISATION ET D\u00c9SACTIVATION DES COOKIES (LISTE NON EXHAUSTIVE)<\/strong><\/h4><p>Vous pouvez autoriser, bloquer ou supprimer les cookies install\u00e9s sur votre ordinateur en configurant les options du navigateur install\u00e9 sur votre ordinateur :<\/p><ul class=\"text-only-content\"><li>Chrome, \u00e0 partir de <a class=\"url-break\" href=\"http:\/\/support.google.com\/chrome\/bin\/answer.py?hl=es&amp;answer=95647\" target=\"_blank\" rel=\"noopener noreferrer\">http:\/\/support.google.com\/chrome\/bin\/answer.py?hl=es&amp;answer=95647<\/a><\/li><li>Safari, \u00e0 partir de <a class=\"url-break\" href=\"http:\/\/support.apple.com\/kb\/ph5042\" target=\"_blank\" rel=\"noopener noreferrer\">http:\/\/support.apple.com\/kb\/ph5042<\/a><\/li><li>Explorer, \u00e0 partir de <a class=\"url-break\" href=\"http:\/\/windows.microsoft.com\/es-es\/windows7\/how-to-manage-cookies-in-internet-explorer-9\" target=\"_blank\" rel=\"noopener noreferrer\">http:\/\/windows.microsoft.com\/es-es\/windows7\/how-to-manage-cookies-in-internet-explorer-9<\/a><\/li><li>Firefox, \u00e0 partir de <a class=\"url-break\" href=\"http:\/\/support.mozilla.org\/es\/kb\/habilitar-y-deshabilitar-cookies-que-los-sitios-we\" target=\"_blank\" rel=\"noopener noreferrer\">http:\/\/support.mozilla.org\/es\/kb\/habilitar-y-deshabilitar-cookies-que-los-sitios-we<\/a><\/li><\/ul><p>Tout ce qui concerne les cookies de <strong>Google<\/strong>, qu&rsquo;ils soient analytiques ou publicitaires, ainsi que leur gestion et leur configuration, peut \u00eatre consult\u00e9 \u00e0 l&rsquo;adresse suivante :<\/p><ul class=\"text-only-content\"><li><a class=\"url-break\" href=\"http:\/\/www.google.es\/intl\/es\/policies\/technologies\/types\/\" target=\"_blank\" rel=\"noopener noreferrer\">http:\/\/www.google.es\/intl\/es\/policies\/technologies\/types\/<\/a><\/li><li><a class=\"url-break\" href=\"http:\/\/www.google.es\/policies\/technologies\/ads\/\" target=\"_blank\" rel=\"noopener noreferrer\">http:\/\/www.google.es\/policies\/technologies\/ads\/<\/a><\/li><li><a class=\"url-break\" href=\"https:\/\/developers.google.com\/analytics\/devguides\/collection\/analyticsjs\/cookie-usage\" target=\"_blank\" rel=\"noopener noreferrer\">https:\/\/developers.google.com\/analytics\/devguides\/collection\/analyticsjs\/cookie-usage<\/a><\/li><\/ul><p>Pour plus d&rsquo;informations sur les cookies install\u00e9s par iPad et <strong>Hotjar<\/strong>, veuillez consulter les sites <a class=\"url-break\" href=\"http:\/\/www.iadvize.com\/es\/aviso_legal_iadvize.html\" target=\"_blank\" rel=\"noopener noreferrer\">http:\/\/www.iadvize.com\/es\/aviso_legal_iadvize.html<\/a> et <a class=\"url-break\" href=\"https:\/\/www.hotjar.com\/legal\/policies\/privacy\" target=\"_blank\" rel=\"noopener noreferrer\">https:\/\/www.hotjar.com\/legal\/policies\/privacy<\/a>.<\/p><p>Si vous choisissez de d\u00e9sactiver les cookies, nous ne serons pas en mesure de vous offrir certains de nos services tels que, par exemple, rester connect\u00e9 ou conserver vos achats dans votre panier.<\/p>\t\t\t\t\t\t\t\t<\/div>\n\t\t\t\t<\/div>\n\t\t\t\t<\/div>\n\t\t\t\t\t<\/div>\n\t\t\t\t<\/div>\n\t\t\t\t<\/div>\n\t\t","protected":false},"excerpt":{"rendered":"<p>Politique en mati\u00e8re de cookies QU&rsquo;EST-CE QU&rsquo;UN COOKIE ? Un cookie est un fichier qui est t\u00e9l\u00e9charg\u00e9 sur votre ordinateur lorsque vous acc\u00e9dez \u00e0 certains sites web. Les cookies permettent \u00e0 un site web, entre autres, de stocker et de r\u00e9cup\u00e9rer des informations sur les habitudes de navigation d&rsquo;un utilisateur ou de son ordinateur et, [&hellip;]<\/p>\n","protected":false},"author":1,"featured_media":0,"parent":0,"menu_order":0,"comment_status":"closed","ping_status":"closed","template":"","meta":{"footnotes":""},"class_list":["post-2311","page","type-page","status-publish","hentry"],"_links":{"self":[{"href":"https:\/\/buensueno.es\/fr\/wp-json\/wp\/v2\/pages\/2311","targetHints":{"allow":["GET"]}}],"collection":[{"href":"https:\/\/buensueno.es\/fr\/wp-json\/wp\/v2\/pages"}],"about":[{"href":"https:\/\/buensueno.es\/fr\/wp-json\/wp\/v2\/types\/page"}],"author":[{"embeddable":true,"href":"https:\/\/buensueno.es\/fr\/wp-json\/wp\/v2\/users\/1"}],"replies":[{"embeddable":true,"href":"https:\/\/buensueno.es\/fr\/wp-json\/wp\/v2\/comments?post=2311"}],"version-history":[{"count":1,"href":"https:\/\/buensueno.es\/fr\/wp-json\/wp\/v2\/pages\/2311\/revisions"}],"predecessor-version":[{"id":2313,"href":"https:\/\/buensueno.es\/fr\/wp-json\/wp\/v2\/pages\/2311\/revisions\/2313"}],"wp:attachment":[{"href":"https:\/\/buensueno.es\/fr\/wp-json\/wp\/v2\/media?parent=2311"}],"curies":[{"name":"wp","href":"https:\/\/api.w.org\/{rel}","templated":true}]}}