{"id":2316,"date":"2024-09-25T08:10:07","date_gmt":"2024-09-25T08:10:07","guid":{"rendered":"https:\/\/buensueno.es\/conditions-generales-dutilisation\/"},"modified":"2025-05-19T07:35:06","modified_gmt":"2025-05-19T07:35:06","slug":"conditions-generales-dutilisation","status":"publish","type":"page","link":"https:\/\/buensueno.es\/fr\/conditions-generales-dutilisation\/","title":{"rendered":"Conditions g\u00e9n\u00e9rales d&rsquo;utilisation"},"content":{"rendered":"\t\t<div data-elementor-type=\"wp-page\" data-elementor-id=\"2316\" class=\"elementor elementor-2316 elementor-36\" data-elementor-post-type=\"page\">\n\t\t\t\t<div class=\"elementor-element elementor-element-414ea5f e-flex e-con-boxed e-con e-parent\" data-id=\"414ea5f\" data-element_type=\"container\" data-e-type=\"container\" data-settings=\"{&quot;jet_parallax_layout_list&quot;:[]}\">\n\t\t\t\t\t<div class=\"e-con-inner\">\n\t\t<div class=\"elementor-element elementor-element-b131100 e-con-full e-flex e-con e-child\" data-id=\"b131100\" data-element_type=\"container\" data-e-type=\"container\" data-settings=\"{&quot;jet_parallax_layout_list&quot;:[]}\">\n\t\t<div class=\"elementor-element elementor-element-05ef29e e-con-full e-flex e-con e-child\" data-id=\"05ef29e\" data-element_type=\"container\" data-e-type=\"container\" data-settings=\"{&quot;jet_parallax_layout_list&quot;:[],&quot;sticky&quot;:&quot;top&quot;,&quot;sticky_offset&quot;:20,&quot;sticky_parent&quot;:&quot;yes&quot;,&quot;sticky_on&quot;:[&quot;desktop&quot;,&quot;tablet&quot;,&quot;mobile&quot;],&quot;sticky_effects_offset&quot;:0,&quot;sticky_anchor_link_offset&quot;:0}\">\n\t\t\t\t<div class=\"elementor-element elementor-element-1f318b5 elementor-widget__width-initial elementor-widget elementor-widget-heading\" data-id=\"1f318b5\" data-element_type=\"widget\" data-e-type=\"widget\" data-widget_type=\"heading.default\">\n\t\t\t\t<div class=\"elementor-widget-container\">\n\t\t\t\t\t<h2 class=\"elementor-heading-title elementor-size-default\">Conditions g\u00e9n\u00e9rales d'utilisation<\/h2>\t\t\t\t<\/div>\n\t\t\t\t<\/div>\n\t\t\t\t<\/div>\n\t\t\t\t<\/div>\n\t\t<div class=\"elementor-element elementor-element-a543677 e-con-full e-flex e-con e-child\" data-id=\"a543677\" data-element_type=\"container\" data-e-type=\"container\" data-settings=\"{&quot;jet_parallax_layout_list&quot;:[]}\">\n\t\t\t\t<div class=\"elementor-element elementor-element-7741f39 elementor-widget elementor-widget-text-editor\" data-id=\"7741f39\" data-element_type=\"widget\" data-e-type=\"widget\" data-widget_type=\"text-editor.default\">\n\t\t\t\t<div class=\"elementor-widget-container\">\n\t\t\t\t\t\t\t\t\t<h4><strong>OBJET<\/strong><\/h4><p>Le pr\u00e9sent document r\u00e9git les conditions d&rsquo;utilisation et d&rsquo;acc\u00e8s au site web https:\/\/www.buensueno.es (ci-apr\u00e8s \u00ab\u00a0BUENSUE\u00d1O\u00a0\u00bb ou LE SITE WEB) pour les diff\u00e9rents utilisateurs (ci-apr\u00e8s UTILISATEURS\/MEMBRES et\/ou MEMBRES). En acc\u00e9dant et en utilisant LE SITE WEB, quel que soit le mode d&rsquo;acc\u00e8s, l&rsquo;UTILISATEUR ou le MEMBRE accepte le contenu des pr\u00e9sentes conditions d&rsquo;utilisation. <br>L&rsquo;acc\u00e8s \u00e0 la partie publique de \u00ab\u00a0BUENSUE\u00d1O\u00a0\u00bb est gratuit, \u00e0 l&rsquo;exception du co\u00fbt de la connexion par le biais du tarif des donn\u00e9es des dispositifs de connexion contract\u00e9s par l&rsquo;UTILISATEUR.<br>La vente de produits par l&rsquo;interm\u00e9diaire du SITE est r\u00e9gie par ses propres conditions g\u00e9n\u00e9rales et\/ou particuli\u00e8res de vente, les pr\u00e9sentes conditions d&rsquo;utilisation \u00e9tant rel\u00e9gu\u00e9es \u00e0 une application subsidiaire pour autant qu&rsquo;elles ne soient pas en contradiction avec les conditions g\u00e9n\u00e9rales et\/ou particuli\u00e8res de vente.<br><br><\/p><h4><strong>AVIS JURIDIQUE<\/strong><\/h4><p>https:\/\/www.buensueno.es est un site web avec un domaine enregistr\u00e9 qui a \u00e9t\u00e9 cr\u00e9\u00e9 dans le but de fournir aux UTILISATEURS et\/ou MEMBRES un service de vente en ligne de produits et de meubles personnalis\u00e9s.<br>\u00ab\u00a0BUENSUE\u00d1O\u00a0\u00bb n&rsquo;a pas de personnalit\u00e9 juridique propre et son propri\u00e9taire est la personne morale mentionn\u00e9e ci-dessous :<\/p><p>Nom de l&rsquo;entreprise : \u00ab\u00a0BERNAL DESCANSO S.L.\u00a0\u00bb.<\/p><p>C.I.F. : B73694424<\/p><p>Adresse du si\u00e8ge social : Calle A, Parcela 4-C Pol. El Semolilla  <\/p><p>30640 Abanilla (Murcia)<\/p><p>T\u00e9l\u00e9phone : 968678004<\/p><p>Courriel : info@buensueno.es<\/p><p>Les r\u00e9f\u00e9rences successives \u00e0 \u00ab\u00a0BUENSUE\u00d1O\u00a0\u00bb dans les pr\u00e9sentes conditions g\u00e9n\u00e9rales de vente s&rsquo;entendent comme faites \u00e0 la personne morale vis\u00e9e au paragraphe pr\u00e9c\u00e9dent.<br><br><\/p><h4><strong>CONDITIONS G\u00c9N\u00c9RALES<\/strong><\/h4><p>Exploitation du site.<\/p><p>1.1. \u00ab\u00a0BUENSUE\u00d1O\u00a0\u00bb se r\u00e9serve le droit de modifier, \u00e0 tout moment, unilat\u00e9ralement et sans notification pr\u00e9alable \u00e0 ses utilisateurs, le contenu, la structure, le fonctionnement ou les conditions d&rsquo;acc\u00e8s de ce site.<\/p><p>1.2. Toutefois, les utilisateurs du site sont conscients et acceptent que certaines des informations qu&rsquo;il contient peuvent \u00eatre incorrectes, incompl\u00e8tes ou d\u00e9pass\u00e9es, ou contenir des erreurs typographiques. \u00ab\u00a0BUENSUE\u00d1O\u00a0\u00bb n&rsquo;est pas tenu de mettre \u00e0 jour le contenu de ce site et ne sera pas tenu responsable de l&rsquo;absence de mise \u00e0 jour des informations. Il est de la seule responsabilit\u00e9 de l&rsquo;utilisateur d&rsquo;\u00e9valuer l&rsquo;exactitude et\/ou l&rsquo;utilit\u00e9 de toute information, tout conseil, toute opinion ou tout autre contenu disponible sur ce site.  <\/p><p>1.3. De m\u00eame, \u00ab\u00a0BUENSUE\u00d1O\u00a0\u00bb se r\u00e9serve le droit de suspendre temporairement, sans avertissement pr\u00e9alable, l&rsquo;acc\u00e8s \u00e0 ce site pour effectuer des op\u00e9rations de maintenance, de mise \u00e0 jour, d&rsquo;am\u00e9lioration ou de r\u00e9paration.<\/p><p>1.4. Il est interdit \u00e0 l&rsquo;utilisateur d&rsquo;utiliser ce site web pour envoyer, transmettre ou publier tout mat\u00e9riel ill\u00e9gal, mena\u00e7ant, calomnieux, diffamatoire, propagandiste, scandaleux, obsc\u00e8ne, pornographique ou tout autre mat\u00e9riel pouvant donner lieu \u00e0 une responsabilit\u00e9 civile ou p\u00e9nale en vertu de la l\u00e9gislation applicable, dont l&rsquo;utilisateur sera en tout \u00e9tat de cause responsable.<\/p><p>1.5. \u00ab\u00a0BUENSUE\u00d1O\u00a0\u00bb ne garantit pas que ce site web ou les serveurs qui l&rsquo;h\u00e9bergent sont exempts de virus et d&rsquo;autres logiciels potentiellement dangereux, ni la disponibilit\u00e9, la continuit\u00e9, l&rsquo;utilit\u00e9 et l&rsquo;infaillibilit\u00e9 du fonctionnement de ce site, de ses services ou de ses contenus, ni la l\u00e9galit\u00e9, la fiabilit\u00e9 ou l&rsquo;utilit\u00e9 des informations et des contenus fournis par des tiers par l&rsquo;interm\u00e9diaire de ce site.<\/p><p>1.6. D&rsquo;une mani\u00e8re g\u00e9n\u00e9rale, ce site ne peut \u00eatre utilis\u00e9 que par des personnes physiques et morales disposant de la capacit\u00e9 juridique suffisante conform\u00e9ment \u00e0 la l\u00e9gislation applicable. Exceptionnellement, le site peut \u00eatre utilis\u00e9 par des mineurs ayant obtenu l&rsquo;autorisation pr\u00e9alable de leurs parents ou tuteurs l\u00e9gaux, qui seront responsables de l&rsquo;utilisation du site par le mineur dont ils ont la charge. <br><br><\/p><h4><strong>ERREURS DE PRIX<\/strong><\/h4><p>\u00ab\u00a0BUENSUE\u00d1O\u00a0\u00bb a le droit d&rsquo;annuler une commande s&rsquo;il a un produit avec un prix erron\u00e9 ou incoh\u00e9rent. Le montant pay\u00e9 par le client sera int\u00e9gralement vers\u00e9 par le biais d&rsquo;un transfert ou d&rsquo;un remboursement de la plate-forme POS \u00e0 partir de laquelle le paiement a \u00e9t\u00e9 effectu\u00e9. <br><br><\/p><h4><strong>COMPORTEMENT DES UTILISATEURS. INTERDICTIONS. <\/strong><\/h4><p>2.1. L&rsquo;utilisation des contenus et des services offerts par \u00ab\u00a0BUENSUE\u00d1O\u00a0\u00bb se fera aux risques et \u00e0 la responsabilit\u00e9 exclusifs de l&rsquo;utilisateur.<\/p><p>2.2. L&rsquo;entreprise n&rsquo;a pas le devoir ni l&rsquo;obligation de v\u00e9rifier ou de contr\u00f4ler le contenu et les informations saisis par les utilisateurs.<\/p><p>2.3. L&rsquo;utilisateur s&rsquo;engage \u00e0 utiliser le site web et l&rsquo;ensemble de son contenu et de ses services de mani\u00e8re diligente, toujours conform\u00e9ment \u00e0 la loi, aux bons usages et aux pr\u00e9sentes conditions g\u00e9n\u00e9rales, en respectant toujours les autres utilisateurs.<\/p><p>2.4. De m\u00eame, l&rsquo;utilisateur s&rsquo;engage \u00e0 faire un usage appropri\u00e9 du mat\u00e9riel et des informations contenus sur le site web, en ne les utilisant pas pour des activit\u00e9s illicites ou criminelles, qui portent atteinte aux droits de tiers, ou qui enfreignent la r\u00e9glementation sur la propri\u00e9t\u00e9 intellectuelle et industrielle, ou toute autre r\u00e9glementation l\u00e9gale applicable, et il est seul responsable envers https:\/\/www.buensueno.es et envers les tiers du non-respect des dispositions de la pr\u00e9sente.<\/p><p>2.5. L&rsquo;utilisateur s&rsquo;engage \u00e0 ne pas transmettre, introduire, diffuser ou mettre \u00e0 la disposition de tiers tout type de mat\u00e9riel ou d&rsquo;information contraire \u00e0 la loi, \u00e0 la morale, \u00e0 l&rsquo;ordre public et aux pr\u00e9sentes conditions g\u00e9n\u00e9rales d&rsquo;utilisation.<\/p><p>2.6. En tout \u00e9tat de cause, l&rsquo;utilisateur doit toujours fournir des informations v\u00e9ridiques qui ne peuvent pr\u00eater \u00e0 aucune confusion, ainsi que des donn\u00e9es d&rsquo;identification correctes, et ne jamais se faire passer pour un tiers ou pour son compte.<\/p><p>2.7. En ce qui concerne la violation d&rsquo;une quelconque irr\u00e9gularit\u00e9, nous vous rappelons que l&rsquo;adresse IP de votre ordinateur est enregistr\u00e9e par le simple fait d&rsquo;acc\u00e9der \u00e0 notre site web.<br><br><\/p><h4><strong>LES ZONES PROT\u00c9G\u00c9ES DU SITE WEB<\/strong><\/h4><p>3.1. En g\u00e9n\u00e9ral, pour acc\u00e9der aux services de \u00ab\u00a0BUENSUE\u00d1O\u00a0\u00bb, l&rsquo;utilisateur n&rsquo;a pas besoin de s&rsquo;inscrire ou de s&rsquo;enregistrer.<\/p><p>3.2. L&rsquo;utilisation de certains services peut \u00eatre subordonn\u00e9e \u00e0 l&rsquo;obtention d&rsquo;un compte personnel par le biais d&rsquo;un enregistrement de l&rsquo;utilisateur. Cet enregistrement s&rsquo;effectue de la mani\u00e8re express\u00e9ment indiqu\u00e9e sur le site web. <\/p><p>3.3. Ce site peut contenir des zones d&rsquo;acc\u00e8s restreint, prot\u00e9g\u00e9es par des identifiants et des mots de passe ou d&rsquo;autres m\u00e9canismes de s\u00e9curit\u00e9. L&rsquo;utilisateur ne tentera pas d&rsquo;acc\u00e9der \u00e0 ces zones d&rsquo;acc\u00e8s restreint s&rsquo;il n&rsquo;est pas d\u00fbment autoris\u00e9 par \u00ab\u00a0BUENSUE\u00d1O\u00a0\u00bb, ni de contourner ou de manipuler les m\u00e9canismes de protection \u00e9tablis par \u00ab\u00a0BUENSUE\u00d1O\u00a0\u00bb. <\/p><p>3.4. L&rsquo;utilisateur autoris\u00e9 par \u00ab\u00a0BUENSUE\u00d1O\u00a0\u00bb \u00e0 acc\u00e9der \u00e0 l&rsquo;une quelconque de ces zones prot\u00e9g\u00e9es sera exclusivement responsable du maintien du secret et de la non-divulgation \u00e0 des tiers des identifiants, mots de passe et autres m\u00e9thodes de s\u00e9curit\u00e9 que \u00ab\u00a0BUENSUE\u00d1O\u00a0\u00bb met \u00e0 sa disposition pour acc\u00e9der aux zones prot\u00e9g\u00e9es. L&rsquo;utilisateur sera donc le seul responsable des dommages qui pourraient r\u00e9sulter du non-respect des m\u00e9canismes de s\u00e9curit\u00e9 susmentionn\u00e9s. <\/p><p>3.5. L&rsquo;utilisateur est inform\u00e9 que toute tentative d&rsquo;acc\u00e8s non autoris\u00e9 aux zones r\u00e9serv\u00e9es de ce site peut engager sa responsabilit\u00e9 civile et\/ou p\u00e9nale.<br><br><\/p><h4><strong>LES INFORMATIONS TRANSMISES PAR LES UTILISATEURS<\/strong><\/h4><p>4.1. Ce site peut contenir des forums publics, des salons de discussion et d&rsquo;autres m\u00e9canismes permettant aux utilisateurs d&rsquo;exprimer leurs opinions et d&rsquo;\u00e9changer des fichiers sous forme \u00e9lectronique. Les informations, communications et fichiers envoy\u00e9s par l&rsquo;interm\u00e9diaire de ces forums et salons de discussion, ainsi que les adresses \u00e9lectroniques et autres communications divulgu\u00e9es par les utilisateurs ne sont pas consid\u00e9r\u00e9s comme des documents confidentiels. <\/p><p>4.2. Lorsque les utilisateurs transmettent ou publient tout type d&rsquo;information sur ce site, ils autorisent \u00ab\u00a0BUENSUE\u00d1O\u00a0\u00bb \u00e0 utiliser cette information, y compris, sans limitation, l&rsquo;utilisation, la reproduction, la transmission, la publication ou l&rsquo;envoi de cette information \u00e0 toutes fins, y compris, sans limitation, la reproduction, la divulgation, la transmission, la publication ou l&rsquo;envoi de cette information.<\/p><p>4.3. \u00ab\u00a0BUENSUE\u00d1O\u00a0\u00bb n&rsquo;assume aucune responsabilit\u00e9 quant au contenu des informations ou des communications envoy\u00e9es par ses utilisateurs \u00e0 travers ces espaces.<br><br><\/p><h4><strong>EXCLUSION DES GARANTIES ET DES RESPONSABILIT\u00c9S<\/strong><\/h4><p>5.1. Toutes les informations contenues dans ce site sont fournies \u00ab\u00a0en l&rsquo;\u00e9tat\u00a0\u00bb, sans que \u00ab\u00a0BUENSUE\u00d1O\u00a0\u00bb n&rsquo;accorde de garanties d&rsquo;aucune sorte, explicites ou implicites, concernant l&rsquo;exactitude, la fiabilit\u00e9 et l&rsquo;int\u00e9grit\u00e9 de ce site. \u00ab\u00a0BUENSUE\u00d1O\u00a0\u00bb n&rsquo;accorde aucune garantie, explicite ou implicite, y compris, mais sans s&rsquo;y limiter, des garanties de qualit\u00e9, de qualit\u00e9 marchande ou d&rsquo;ad\u00e9quation \u00e0 un usage sp\u00e9cifique. <\/p><p>5.2. \u00ab\u00a0BUENSUE\u00d1O\u00a0\u00bb ne garantit pas non plus que ce site web ou les serveurs qui l&rsquo;h\u00e9bergent sont exempts de virus et d&rsquo;autres logiciels potentiellement dangereux.<\/p><p>5.3. \u00ab\u00a0BUENSUE\u00d1O\u00a0\u00bb ne garantit pas la disponibilit\u00e9, la continuit\u00e9, l&rsquo;utilit\u00e9 et l&rsquo;infaillibilit\u00e9 du fonctionnement de ce site, de ses services ou de ses contenus, ni la fiabilit\u00e9 ou l&rsquo;utilit\u00e9 des informations et des contenus fournis par des tiers \u00e0 travers ce site. Bien que \u00ab\u00a0BUENSUE\u00d1O\u00a0\u00bb fasse tous les efforts raisonnables pour garantir la disponibilit\u00e9, l&rsquo;acc\u00e8s, la continuit\u00e9 et l&rsquo;infaillibilit\u00e9 du fonctionnement et de ses services, \u00ab\u00a0BUENSUE\u00d1O\u00a0\u00bb ne les garantit pas, car ils peuvent \u00eatre perturb\u00e9s par de nombreux facteurs \u00e9chappant \u00e0 son contr\u00f4le. Par cons\u00e9quent, il ne sera pas responsable (dans les limites pr\u00e9vues par la l\u00e9gislation en vigueur) des dommages de toute nature caus\u00e9s \u00e0 l&rsquo;utilisateur en cons\u00e9quence de l&rsquo;indisponibilit\u00e9, des d\u00e9faillances d&rsquo;acc\u00e8s et du manque de continuit\u00e9 susmentionn\u00e9s.  <br><br><\/p><h4><strong>LIMITATION DE LA RESPONSABILIT\u00c9<\/strong><\/h4><p>6.1. \u00ab\u00a0BUENSUE\u00d1O\u00a0\u00bb ne sera en aucun cas responsable des dommages directs ou indirects, du manque \u00e0 gagner ou de la perte de donn\u00e9es et\/ou de clients d\u00e9coulant de l&rsquo;utilisation par les utilisateurs ou de l&rsquo;impossibilit\u00e9 d&rsquo;utiliser ce site web.<\/p><p>6.2. Ce site peut contenir des liens hypertextes (\u00ab\u00a0Liens\u00a0\u00bb) et des renvois vers d&rsquo;autres sites et pages web qui peuvent ne pas \u00eatre contr\u00f4l\u00e9s par \u00ab\u00a0BUENSUE\u00d1O\u00a0\u00bb, dans ces cas \u00ab\u00a0BUENSUE\u00d1O\u00a0\u00bb ne sera pas responsable des contenus qui peuvent appara\u00eetre dans ces pages.<\/p><p>6.3. L&rsquo;utilisateur accepte express\u00e9ment d&rsquo;exon\u00e9rer \u00ab\u00a0BUENSUE\u00d1O\u00a0\u00bb de toute responsabilit\u00e9 pour les actes ou omissions des utilisateurs bas\u00e9s sur les contenus h\u00e9berg\u00e9s sur ce site.<\/p><p>6.4. Vous comprenez et acceptez express\u00e9ment que tout contenu, logiciel ou autre mat\u00e9riel que vous t\u00e9l\u00e9chargez ou obtenez de toute autre mani\u00e8re par l&rsquo;interm\u00e9diaire de ce site le fait \u00e0 vos propres risques et que vous, en tant qu&rsquo;utilisateur, \u00eates seul responsable de tout dommage ou de toute perte de donn\u00e9es caus\u00e9s \u00e0 vos syst\u00e8mes informatiques.<\/p><p>6.5. \u00ab\u00a0BUENSUE\u00d1O\u00a0\u00bb s&rsquo;est efforc\u00e9 d&rsquo;assurer l&rsquo;exactitude des informations contenues dans ce site. Toutefois, les utilisateurs du site acceptent que certaines des informations contenues dans ce site puissent \u00eatre incorrectes, incompl\u00e8tes, p\u00e9rim\u00e9es ou contenir des erreurs. <br><br><\/p><h4><strong>DROIT D&rsquo;EXCLUSION ET NULLIT\u00c9 PARTIELLE<\/strong><\/h4><p>7.1. \u00ab\u00a0BUENSUE\u00d1O\u00a0\u00bb se r\u00e9serve le droit d&rsquo;annuler, de supprimer ou d&rsquo;interdire l&rsquo;utilisation de tout ou partie des services du site web \u00e0 tout utilisateur sans avertissement pr\u00e9alable si, selon ses crit\u00e8res et dans n&rsquo;importe quel type de circonstance, l&rsquo;utilisateur en fait un usage incorrect.<\/p><p>7.2. Si une disposition des pr\u00e9sentes conditions g\u00e9n\u00e9rales est jug\u00e9e ill\u00e9gale ou nulle par un tribunal comp\u00e9tent, cette disposition sera exclue si la loi l&rsquo;exige. Vous acceptez express\u00e9ment que toutes les autres dispositions non exclues restent inchang\u00e9es et continuent \u00e0 \u00eatre pleinement applicables. <br><br><\/p><h4><strong>DROIT APPLICABLE ET JURIDICTION<\/strong><\/h4><p>8.1 Ce site est situ\u00e9 et exploit\u00e9 en Espagne. Toutes les questions relatives \u00e0 ce site sont r\u00e9gies par la l\u00e9gislation espagnole et sont soumises \u00e0 la juridiction des cours et tribunaux comp\u00e9tents d&rsquo;Espagne, sans application des principes de conflit de lois. Dans les cas o\u00f9 l&rsquo;utilisateur n&rsquo;est pas un consommateur ou un utilisateur, ou est domicili\u00e9 en dehors de l&rsquo;Espagne, \u00ab\u00a0BUENSUE\u00d1O\u00a0\u00bb et le consommateur ou l&rsquo;utilisateur seront soumis aux Cours et Tribunaux de Valence, renon\u00e7ant express\u00e9ment \u00e0 toute autre juridiction qui pourrait leur correspondre.  <\/p><p>8.2. Si vous d\u00e9cidez d&rsquo;utiliser ou de consulter ce site \u00e0 partir d&rsquo;un pays autre que l&rsquo;Espagne, sachez que vous le faites de votre propre initiative et qu&rsquo;il vous incombe de respecter les lois locales en vigueur.<br><br><\/p><h4><strong>DUR\u00c9E ET R\u00c9VISION<\/strong><\/h4><p>9.1. Bien que la relation juridique entre \u00ab\u00a0BUENSUE\u00d1O\u00a0\u00bb et l&rsquo;utilisateur, d\u00e9riv\u00e9e de l&rsquo;acc\u00e8s et de l&rsquo;utilisation du site, ait une dur\u00e9e ind\u00e9termin\u00e9e, elle sera consid\u00e9r\u00e9e comme termin\u00e9e lorsque l&rsquo;entreprise modifiera les pr\u00e9sentes conditions g\u00e9n\u00e9rales. Au moment o\u00f9 l&rsquo;entreprise annonce la modification des conditions g\u00e9n\u00e9rales et o\u00f9 l&rsquo;utilisateur acc\u00e8de et utilise les services et les contenus du site, une nouvelle relation juridique sera consid\u00e9r\u00e9e comme ayant commenc\u00e9 entre les deux parties, de nature \u00e9galement ind\u00e9finie. <\/p><p>9.2. Sans pr\u00e9judice de ce qui pr\u00e9c\u00e8de, l&rsquo;entreprise \u00ab\u00a0BUENSUE\u00d1O\u00a0\u00bb est autoris\u00e9e \u00e0 suspendre, interrompre ou mettre fin unilat\u00e9ralement, \u00e0 tout moment et sans avertissement pr\u00e9alable ni motif valable, \u00e0 la prestation de l&rsquo;un quelconque des services qu&rsquo;elle offre.<\/p><p>9.3. \u00ab\u00a0BUENSUE\u00d1O\u00a0\u00bb se r\u00e9serve le droit de r\u00e9viser, unilat\u00e9ralement et sans pr\u00e9avis, les pr\u00e9sentes conditions d&rsquo;utilisation \u00e0 tout moment. Les conditions r\u00e9vis\u00e9es entreront en vigueur d\u00e8s leur publication sur ce site. Si l&rsquo;utilisateur fait un usage r\u00e9gulier de ce site, il doit revoir r\u00e9guli\u00e8rement les conditions et s&rsquo;abstenir d&rsquo;acc\u00e9der au site s&rsquo;il consid\u00e8re que l&rsquo;une des conditions r\u00e9vis\u00e9es n&rsquo;est pas acceptable.  <br><br><\/p><h4><strong>PROPRI\u00c9T\u00c9 INTELLECTUELLE ET INDUSTRIELLE<\/strong><\/h4><p>Tous les contenus du site, y compris, mais sans s&rsquo;y limiter, les marques, les logos, les graphiques, les images, les fichiers audio et vid\u00e9o, les logiciels, les codes de programmation, les textes, les ic\u00f4nes et les noms qui identifient les services (ci-apr\u00e8s \u00ab\u00a0le mat\u00e9riel\u00a0\u00bb) sont la propri\u00e9t\u00e9 de \u00ab\u00a0BUENSUE\u00d1O\u00a0\u00bb et sont prot\u00e9g\u00e9s par la l\u00e9gislation en vigueur sur les droits de propri\u00e9t\u00e9 intellectuelle et industrielle.<\/p><p>L&rsquo;acc\u00e8s de l&rsquo;utilisateur \u00e0 ce site n&rsquo;implique aucune forme de renonciation, de transfert ou de cession, totale ou partielle, de ces droits de propri\u00e9t\u00e9. C&rsquo;est pourquoi l&rsquo;acc\u00e8s \u00e0 ces contenus ou \u00e9l\u00e9ments ne conf\u00e8re en aucun cas \u00e0 l&rsquo;utilisateur la possibilit\u00e9 de copier, vendre, modifier, reproduire, publier, transf\u00e9rer, transmettre ou cr\u00e9er de nouveaux produits ou services d\u00e9riv\u00e9s des informations et des \u00e9l\u00e9ments contenus dans ce site.<\/p><p>Pour cette raison, l&rsquo;utilisateur de ce site ne peut pas, sauf autorisation pr\u00e9alable, expresse et \u00e9crite de \u00ab\u00a0BUENSUE\u00d1O\u00a0\u00bb, copier, distribuer, t\u00e9l\u00e9charger, modifier, supprimer, effacer, alt\u00e9rer, publier, transmettre ou tirer profit de quelque mani\u00e8re que ce soit du mat\u00e9riel qu&rsquo;il contient.<\/p><p>L&rsquo;utilisateur n&rsquo;acquiert aucun droit ou licence sur le service ou ses \u00e9l\u00e9ments, \u00e0 l&rsquo;exception du droit limit\u00e9 d&rsquo;utiliser le service conform\u00e9ment aux conditions applicables. Vous ne pouvez utiliser les contenus ou les \u00e9l\u00e9ments auxquels vous acc\u00e9dez par le biais des services de \u00ab\u00a0BUENSUE\u00d1O\u00a0\u00bb que pour votre propre usage et vos propres besoins, en vous engageant \u00e0 ne proc\u00e9der \u00e0 aucune exploitation commerciale directe ou indirecte, ni des services, ni du mat\u00e9riel, des \u00e9l\u00e9ments ou des informations obtenus par leur interm\u00e9diaire. <\/p>\t\t\t\t\t\t\t\t<\/div>\n\t\t\t\t<\/div>\n\t\t\t\t<\/div>\n\t\t\t\t\t<\/div>\n\t\t\t\t<\/div>\n\t\t\t\t<\/div>\n\t\t","protected":false},"excerpt":{"rendered":"<p>Conditions g\u00e9n\u00e9rales d&rsquo;utilisation OBJET Le pr\u00e9sent document r\u00e9git les conditions d&rsquo;utilisation et d&rsquo;acc\u00e8s au site web https:\/\/www.buensueno.es (ci-apr\u00e8s \u00ab\u00a0BUENSUE\u00d1O\u00a0\u00bb ou LE SITE WEB) pour les diff\u00e9rents utilisateurs (ci-apr\u00e8s UTILISATEURS\/MEMBRES et\/ou MEMBRES). En acc\u00e9dant et en utilisant LE SITE WEB, quel que soit le mode d&rsquo;acc\u00e8s, l&rsquo;UTILISATEUR ou le MEMBRE accepte le contenu des pr\u00e9sentes conditions [&hellip;]<\/p>\n","protected":false},"author":1,"featured_media":0,"parent":0,"menu_order":0,"comment_status":"closed","ping_status":"closed","template":"","meta":{"footnotes":""},"class_list":["post-2316","page","type-page","status-publish","hentry"],"_links":{"self":[{"href":"https:\/\/buensueno.es\/fr\/wp-json\/wp\/v2\/pages\/2316","targetHints":{"allow":["GET"]}}],"collection":[{"href":"https:\/\/buensueno.es\/fr\/wp-json\/wp\/v2\/pages"}],"about":[{"href":"https:\/\/buensueno.es\/fr\/wp-json\/wp\/v2\/types\/page"}],"author":[{"embeddable":true,"href":"https:\/\/buensueno.es\/fr\/wp-json\/wp\/v2\/users\/1"}],"replies":[{"embeddable":true,"href":"https:\/\/buensueno.es\/fr\/wp-json\/wp\/v2\/comments?post=2316"}],"version-history":[{"count":1,"href":"https:\/\/buensueno.es\/fr\/wp-json\/wp\/v2\/pages\/2316\/revisions"}],"predecessor-version":[{"id":2317,"href":"https:\/\/buensueno.es\/fr\/wp-json\/wp\/v2\/pages\/2316\/revisions\/2317"}],"wp:attachment":[{"href":"https:\/\/buensueno.es\/fr\/wp-json\/wp\/v2\/media?parent=2316"}],"curies":[{"name":"wp","href":"https:\/\/api.w.org\/{rel}","templated":true}]}}